{"id":14,"date":"2022-01-04T10:16:09","date_gmt":"2022-01-04T09:16:09","guid":{"rendered":"https:\/\/cassus.se\/?page_id=14"},"modified":"2022-02-09T13:48:40","modified_gmt":"2022-02-09T12:48:40","slug":"familjetrad","status":"publish","type":"page","link":"https:\/\/cassus.se\/?page_id=14","title":{"rendered":"Kattungar"},"content":{"rendered":"\n<div style=\"height:100px\" aria-hidden=\"true\" class=\"wp-block-spacer\"><\/div>\n\n\n\n<h1 class=\"has-text-align-center wp-block-heading\" id=\"kattungar\">Kattungar<\/h1>\n\n\n\n<div style=\"height:100px\" aria-hidden=\"true\" class=\"wp-block-spacer\"><\/div>\n\n\n\n<div class=\"wp-block-cover alignfull\"><span aria-hidden=\"true\" class=\"has-ast-global-color-4-background-color has-background-dim-100 wp-block-cover__gradient-background has-background-dim\"><\/span><div class=\"wp-block-cover__inner-container is-layout-flow wp-block-cover-is-layout-flow\">\n<div class=\"wp-block-columns is-layout-flex wp-container-core-columns-is-layout-9d6595d7 wp-block-columns-is-layout-flex\">\n<div class=\"wp-block-column is-layout-flow wp-block-column-is-layout-flow\" style=\"flex-basis:33.33%\">\n<h2 class=\"has-ast-global-color-1-color has-text-color wp-block-heading\" id=\"magnus\">Magnus<\/h2>\n\n\n\n<p class=\"has-ast-global-color-1-color has-text-color\">Modig. Stark. Or\u00e4dd. Detta \u00e4r bara n\u00e5gra av de adjektiv som g\u00e5r att anv\u00e4nda f\u00f6r att beskriva Magnus. Magnus \u00e4r en stolt katt som inte \u00e4r r\u00e4tt f\u00f6r att uttrycka vad han tycker och t\u00e4nker.<\/p>\n<\/div>\n\n\n\n<div class=\"wp-block-column is-layout-flow wp-block-column-is-layout-flow\" style=\"flex-basis:66.66%\">\n<figure class=\"wp-block-image size-large\"><img loading=\"lazy\" decoding=\"async\" width=\"1024\" height=\"683\" src=\"http:\/\/cassus.se\/wp-content\/uploads\/2022\/02\/pallas-cat-2021-08-26-16-28-47-utc-1024x683.jpg\" alt=\"\" class=\"wp-image-73\" srcset=\"https:\/\/cassus.se\/wp-content\/uploads\/2022\/02\/pallas-cat-2021-08-26-16-28-47-utc-1024x683.jpg 1024w, https:\/\/cassus.se\/wp-content\/uploads\/2022\/02\/pallas-cat-2021-08-26-16-28-47-utc-300x200.jpg 300w, https:\/\/cassus.se\/wp-content\/uploads\/2022\/02\/pallas-cat-2021-08-26-16-28-47-utc-768x512.jpg 768w, https:\/\/cassus.se\/wp-content\/uploads\/2022\/02\/pallas-cat-2021-08-26-16-28-47-utc-1536x1024.jpg 1536w, https:\/\/cassus.se\/wp-content\/uploads\/2022\/02\/pallas-cat-2021-08-26-16-28-47-utc-2048x1365.jpg 2048w\" sizes=\"auto, (max-width: 1024px) 100vw, 1024px\" \/><\/figure>\n<\/div>\n<\/div>\n<\/div><\/div>\n\n\n\n<div class=\"wp-block-cover alignfull\"><span aria-hidden=\"true\" class=\"has-ast-global-color-5-background-color has-background-dim-100 wp-block-cover__gradient-background has-background-dim\"><\/span><div class=\"wp-block-cover__inner-container is-layout-flow wp-block-cover-is-layout-flow\">\n<div class=\"wp-block-columns is-layout-flex wp-container-core-columns-is-layout-9d6595d7 wp-block-columns-is-layout-flex\">\n<div class=\"wp-block-column is-layout-flow wp-block-column-is-layout-flow\" style=\"flex-basis:66.66%\">\n<figure class=\"wp-block-image size-large\"><img loading=\"lazy\" decoding=\"async\" width=\"1024\" height=\"683\" src=\"http:\/\/cassus.se\/wp-content\/uploads\/2022\/02\/cat-2021-08-26-18-34-02-utc-1024x683.jpg\" alt=\"\" class=\"wp-image-42\" srcset=\"https:\/\/cassus.se\/wp-content\/uploads\/2022\/02\/cat-2021-08-26-18-34-02-utc-1024x683.jpg 1024w, https:\/\/cassus.se\/wp-content\/uploads\/2022\/02\/cat-2021-08-26-18-34-02-utc-300x200.jpg 300w, https:\/\/cassus.se\/wp-content\/uploads\/2022\/02\/cat-2021-08-26-18-34-02-utc-768x512.jpg 768w, https:\/\/cassus.se\/wp-content\/uploads\/2022\/02\/cat-2021-08-26-18-34-02-utc-1536x1024.jpg 1536w, https:\/\/cassus.se\/wp-content\/uploads\/2022\/02\/cat-2021-08-26-18-34-02-utc-2048x1365.jpg 2048w\" sizes=\"auto, (max-width: 1024px) 100vw, 1024px\" \/><figcaption>a cute european cat playng in the backyard. Shallow depth of field<\/figcaption><\/figure>\n<\/div>\n\n\n\n<div class=\"wp-block-column is-layout-flow wp-block-column-is-layout-flow\" style=\"flex-basis:33.33%\">\n<h2 class=\"has-ast-global-color-1-color has-text-color wp-block-heading\" id=\"magnus\">Theo<\/h2>\n\n\n\n<p class=\"has-ast-global-color-1-color has-text-color\">Till skillnad fr\u00e5n Magnus s\u00e5 \u00e4r Theo lite mer k\u00e4rleksfull, lite bl\u00f6digare. Theo \u00e4r den v\u00e4nnen du har som alltid tar hand om dig n\u00e4r du druckit lite f\u00f6r mycket. Theo \u00e4r k\u00e4rlek, Theo \u00e4r liv.<\/p>\n<\/div>\n<\/div>\n<\/div><\/div>\n\n\n\n<div class=\"wp-block-cover alignfull\"><span aria-hidden=\"true\" class=\"has-ast-global-color-4-background-color has-background-dim-100 wp-block-cover__gradient-background has-background-dim\"><\/span><div class=\"wp-block-cover__inner-container is-layout-flow wp-block-cover-is-layout-flow\">\n<div class=\"wp-block-columns is-layout-flex wp-container-core-columns-is-layout-9d6595d7 wp-block-columns-is-layout-flex\">\n<div class=\"wp-block-column is-layout-flow wp-block-column-is-layout-flow\" style=\"flex-basis:33.33%\">\n<h2 class=\"has-ast-global-color-1-color has-text-color wp-block-heading\" id=\"magnus\">Bobby<\/h2>\n\n\n\n<p class=\"has-ast-global-color-1-color has-text-color\">Ja, hur ska man ens b\u00f6rja med att  beskriva Bobby. Ni ser ju p\u00e5 bilden, en riktig lurifax kan man s\u00e4ga att han \u00e4r. Jokern i kortleken. Med Bobby f\u00e5r du garanterat m\u00e5nga bra skratt. Forts\u00e4tt vara du, Bobby.<\/p>\n<\/div>\n\n\n\n<div class=\"wp-block-column is-layout-flow wp-block-column-is-layout-flow\" style=\"flex-basis:66.66%\">\n<figure class=\"wp-block-image size-large\"><img loading=\"lazy\" decoding=\"async\" width=\"1024\" height=\"683\" src=\"http:\/\/cassus.se\/wp-content\/uploads\/2022\/02\/cat-watching-2021-08-26-15-42-24-utc-1024x683.jpg\" alt=\"\" class=\"wp-image-74\" srcset=\"https:\/\/cassus.se\/wp-content\/uploads\/2022\/02\/cat-watching-2021-08-26-15-42-24-utc-1024x683.jpg 1024w, https:\/\/cassus.se\/wp-content\/uploads\/2022\/02\/cat-watching-2021-08-26-15-42-24-utc-300x200.jpg 300w, https:\/\/cassus.se\/wp-content\/uploads\/2022\/02\/cat-watching-2021-08-26-15-42-24-utc-768x512.jpg 768w, https:\/\/cassus.se\/wp-content\/uploads\/2022\/02\/cat-watching-2021-08-26-15-42-24-utc-1536x1024.jpg 1536w, https:\/\/cassus.se\/wp-content\/uploads\/2022\/02\/cat-watching-2021-08-26-15-42-24-utc-2048x1365.jpg 2048w\" sizes=\"auto, (max-width: 1024px) 100vw, 1024px\" \/><figcaption>Cat watching something with a lazy position<\/figcaption><\/figure>\n<\/div>\n<\/div>\n<\/div><\/div>\n","protected":false},"excerpt":{"rendered":"<p>Kattungar<\/p>\n","protected":false},"author":1,"featured_media":0,"parent":0,"menu_order":0,"comment_status":"closed","ping_status":"closed","template":"","meta":{"site-sidebar-layout":"default","site-content-layout":"default","ast-main-header-display":"","ast-hfb-above-header-display":"","ast-hfb-below-header-display":"","ast-hfb-mobile-header-display":"","site-post-title":"","ast-breadcrumbs-content":"","ast-featured-img":"","footer-sml-layout":"","theme-transparent-header-meta":"","adv-header-id-meta":"","stick-header-meta":"","header-above-stick-meta":"","header-main-stick-meta":"","header-below-stick-meta":"","footnotes":""},"class_list":["post-14","page","type-page","status-publish","hentry"],"_links":{"self":[{"href":"https:\/\/cassus.se\/index.php?rest_route=\/wp\/v2\/pages\/14","targetHints":{"allow":["GET"]}}],"collection":[{"href":"https:\/\/cassus.se\/index.php?rest_route=\/wp\/v2\/pages"}],"about":[{"href":"https:\/\/cassus.se\/index.php?rest_route=\/wp\/v2\/types\/page"}],"author":[{"embeddable":true,"href":"https:\/\/cassus.se\/index.php?rest_route=\/wp\/v2\/users\/1"}],"replies":[{"embeddable":true,"href":"https:\/\/cassus.se\/index.php?rest_route=%2Fwp%2Fv2%2Fcomments&post=14"}],"version-history":[{"count":15,"href":"https:\/\/cassus.se\/index.php?rest_route=\/wp\/v2\/pages\/14\/revisions"}],"predecessor-version":[{"id":113,"href":"https:\/\/cassus.se\/index.php?rest_route=\/wp\/v2\/pages\/14\/revisions\/113"}],"wp:attachment":[{"href":"https:\/\/cassus.se\/index.php?rest_route=%2Fwp%2Fv2%2Fmedia&parent=14"}],"curies":[{"name":"wp","href":"https:\/\/api.w.org\/{rel}","templated":true}]}}