{"id":10,"date":"2022-01-04T10:15:56","date_gmt":"2022-01-04T09:15:56","guid":{"rendered":"https:\/\/cassus.se\/?page_id=10"},"modified":"2022-02-07T16:17:58","modified_gmt":"2022-02-07T15:17:58","slug":"start","status":"publish","type":"page","link":"https:\/\/cassus.se\/","title":{"rendered":"Start"},"content":{"rendered":"\n<div class=\"wp-block-cover alignfull\" style=\"min-height:872px;aspect-ratio:unset;\"><span aria-hidden=\"true\" class=\"wp-block-cover__gradient-background has-background-dim\"><\/span><img loading=\"lazy\" decoding=\"async\" width=\"2560\" height=\"1707\" class=\"wp-block-cover__image-background wp-image-39\" alt=\"\" src=\"http:\/\/cassus.se\/wp-content\/uploads\/2022\/02\/cat-2021-08-29-11-24-47-utc-scaled.jpg\" style=\"object-position:50% 64%\" data-object-fit=\"cover\" data-object-position=\"50% 64%\" srcset=\"https:\/\/cassus.se\/wp-content\/uploads\/2022\/02\/cat-2021-08-29-11-24-47-utc-scaled.jpg 2560w, https:\/\/cassus.se\/wp-content\/uploads\/2022\/02\/cat-2021-08-29-11-24-47-utc-300x200.jpg 300w, https:\/\/cassus.se\/wp-content\/uploads\/2022\/02\/cat-2021-08-29-11-24-47-utc-1024x683.jpg 1024w, https:\/\/cassus.se\/wp-content\/uploads\/2022\/02\/cat-2021-08-29-11-24-47-utc-768x512.jpg 768w, https:\/\/cassus.se\/wp-content\/uploads\/2022\/02\/cat-2021-08-29-11-24-47-utc-1536x1024.jpg 1536w, https:\/\/cassus.se\/wp-content\/uploads\/2022\/02\/cat-2021-08-29-11-24-47-utc-2048x1365.jpg 2048w\" sizes=\"auto, (max-width: 2560px) 100vw, 2560px\" \/><div class=\"wp-block-cover__inner-container is-layout-flow wp-block-cover-is-layout-flow\">\n<h1 class=\"has-text-align-center wp-block-heading\" id=\"uppfodare-av-katter\">Uppf\u00f6dare av katter<\/h1>\n\n\n\n<p class=\"has-text-align-center has-large-font-size\">Med fokus p\u00e5 ragdoll<\/p>\n<\/div><\/div>\n\n\n\n<div class=\"wp-block-cover alignfull\" style=\"min-height:701px;aspect-ratio:unset;\"><span aria-hidden=\"true\" class=\"has-ast-global-color-5-background-color has-background-dim-100 wp-block-cover__gradient-background has-background-dim\"><\/span><div class=\"wp-block-cover__inner-container is-layout-flow wp-block-cover-is-layout-flow\">\n<div class=\"wp-block-columns is-layout-flex wp-container-core-columns-is-layout-9d6595d7 wp-block-columns-is-layout-flex\">\n<div class=\"wp-block-column is-layout-flow wp-block-column-is-layout-flow\">\n<h2 class=\"has-ast-global-color-1-color has-text-color wp-block-heading\" id=\"erfarenhet-sedan-2003\">Erfarenhet sedan 2003<\/h2>\n\n\n\n<p class=\"has-ast-global-color-1-color has-text-color\">Eftersom vi har h\u00e4ngt med under en s\u00e5 l\u00e5ng period s\u00e5 vet vi allt som g\u00e5r att veta om kattuppfostring. <\/p>\n<\/div>\n\n\n\n<div class=\"wp-block-column is-layout-flow wp-block-column-is-layout-flow\">\n<figure class=\"wp-block-image size-large\"><img loading=\"lazy\" decoding=\"async\" width=\"1024\" height=\"683\" src=\"http:\/\/cassus.se\/wp-content\/uploads\/2022\/02\/cat-2021-08-26-18-34-02-utc-1024x683.jpg\" alt=\"\" class=\"wp-image-42\" srcset=\"https:\/\/cassus.se\/wp-content\/uploads\/2022\/02\/cat-2021-08-26-18-34-02-utc-1024x683.jpg 1024w, https:\/\/cassus.se\/wp-content\/uploads\/2022\/02\/cat-2021-08-26-18-34-02-utc-300x200.jpg 300w, https:\/\/cassus.se\/wp-content\/uploads\/2022\/02\/cat-2021-08-26-18-34-02-utc-768x512.jpg 768w, https:\/\/cassus.se\/wp-content\/uploads\/2022\/02\/cat-2021-08-26-18-34-02-utc-1536x1024.jpg 1536w, https:\/\/cassus.se\/wp-content\/uploads\/2022\/02\/cat-2021-08-26-18-34-02-utc-2048x1365.jpg 2048w\" sizes=\"auto, (max-width: 1024px) 100vw, 1024px\" \/><\/figure>\n<\/div>\n<\/div>\n\n\n\n<p class=\"has-text-align-center has-large-font-size\"><\/p>\n<\/div><\/div>\n\n\n\n<div class=\"wp-block-cover alignfull\"><span aria-hidden=\"true\" class=\"wp-block-cover__gradient-background has-background-dim\"><\/span><img loading=\"lazy\" decoding=\"async\" width=\"2560\" height=\"1707\" class=\"wp-block-cover__image-background wp-image-74\" alt=\"\" src=\"http:\/\/cassus.se\/wp-content\/uploads\/2022\/02\/cat-watching-2021-08-26-15-42-24-utc-scaled.jpg\" data-object-fit=\"cover\" srcset=\"https:\/\/cassus.se\/wp-content\/uploads\/2022\/02\/cat-watching-2021-08-26-15-42-24-utc-scaled.jpg 2560w, https:\/\/cassus.se\/wp-content\/uploads\/2022\/02\/cat-watching-2021-08-26-15-42-24-utc-300x200.jpg 300w, https:\/\/cassus.se\/wp-content\/uploads\/2022\/02\/cat-watching-2021-08-26-15-42-24-utc-1024x683.jpg 1024w, https:\/\/cassus.se\/wp-content\/uploads\/2022\/02\/cat-watching-2021-08-26-15-42-24-utc-768x512.jpg 768w, https:\/\/cassus.se\/wp-content\/uploads\/2022\/02\/cat-watching-2021-08-26-15-42-24-utc-1536x1024.jpg 1536w, https:\/\/cassus.se\/wp-content\/uploads\/2022\/02\/cat-watching-2021-08-26-15-42-24-utc-2048x1365.jpg 2048w\" sizes=\"auto, (max-width: 2560px) 100vw, 2560px\" \/><div class=\"wp-block-cover__inner-container is-layout-flow wp-block-cover-is-layout-flow\">\n<p class=\"has-text-align-center has-large-font-size\"><\/p>\n<\/div><\/div>\n\n\n\n<div style=\"height:100px\" aria-hidden=\"true\" class=\"wp-block-spacer\"><\/div>\n\n\n\n<div class=\"wp-block-query is-layout-flow wp-block-query-is-layout-flow\"><ul class=\"wp-block-post-template is-layout-flow wp-block-post-template-is-layout-flow\"><li class=\"wp-block-post post-68 post type-post status-publish format-standard has-post-thumbnail hentry category-katter\">\n<h2 class=\"has-text-align-center wp-block-post-title\"><a href=\"https:\/\/cassus.se\/?p=68\" target=\"_self\" >Alvaeus och Tim vinner MFD<\/a><\/h2>\n\n\n<div style=\"height:40px\" aria-hidden=\"true\" class=\"wp-block-spacer\"><\/div>\n\n\n<figure style=\"height:400px;\" class=\"alignwide wp-block-post-featured-image\"><a href=\"https:\/\/cassus.se\/?p=68\" target=\"_self\"  style=\"height:400px\"><img loading=\"lazy\" decoding=\"async\" width=\"2560\" height=\"1706\" src=\"https:\/\/cassus.se\/wp-content\/uploads\/2022\/02\/cat-2021-08-26-17-12-37-utc-scaled.jpg\" class=\"attachment-post-thumbnail size-post-thumbnail wp-post-image\" alt=\"Alvaeus och Tim vinner MFD\" style=\"height:400px;object-fit:cover;\" srcset=\"https:\/\/cassus.se\/wp-content\/uploads\/2022\/02\/cat-2021-08-26-17-12-37-utc-scaled.jpg 2560w, https:\/\/cassus.se\/wp-content\/uploads\/2022\/02\/cat-2021-08-26-17-12-37-utc-300x200.jpg 300w, https:\/\/cassus.se\/wp-content\/uploads\/2022\/02\/cat-2021-08-26-17-12-37-utc-1024x683.jpg 1024w, https:\/\/cassus.se\/wp-content\/uploads\/2022\/02\/cat-2021-08-26-17-12-37-utc-768x512.jpg 768w, https:\/\/cassus.se\/wp-content\/uploads\/2022\/02\/cat-2021-08-26-17-12-37-utc-1536x1024.jpg 1536w, https:\/\/cassus.se\/wp-content\/uploads\/2022\/02\/cat-2021-08-26-17-12-37-utc-2048x1365.jpg 2048w\" sizes=\"auto, (max-width: 2560px) 100vw, 2560px\" \/><\/a><\/figure>\n\n\n<div style=\"height:30px\" aria-hidden=\"true\" class=\"wp-block-spacer\"><\/div>\n\n\n<div class=\"wp-block-post-excerpt\"><p class=\"wp-block-post-excerpt__excerpt\">Alvaeus och Tim vinner MFD Ett stort grattis till \u00e4garna av Alvaeus och Tim som vann under helgens stora t\u00e4vling i MFD. Katterna \u00e4r en del av Miliam-sl\u00e4ktet, vilket \u00e4r f\u00f6ga f\u00f6rv\u00e5nande med tanke p\u00e5 deras historik. N\u00e4sta t\u00e4vling h\u00e5lls i Bollerud den 12:e Juni, s\u00e5 h\u00e5ll utkik efter det! <\/p><\/div>\n\n\n<hr class=\"wp-block-separator\"\/>\n\n\n<div class=\"wp-block-post-date\"><time datetime=\"2022-02-07T15:48:11+01:00\">7 februari, 2022<\/time><\/div>\n<\/li><li class=\"wp-block-post post-55 post type-post status-publish format-standard has-post-thumbnail hentry category-katter\">\n<h2 class=\"has-text-align-center wp-block-post-title\"><a href=\"https:\/\/cassus.se\/?p=55\" target=\"_self\" >Planer inf\u00f6r en ny kull<\/a><\/h2>\n\n\n<div style=\"height:40px\" aria-hidden=\"true\" class=\"wp-block-spacer\"><\/div>\n\n\n<figure style=\"height:400px;\" class=\"alignwide wp-block-post-featured-image\"><a href=\"https:\/\/cassus.se\/?p=55\" target=\"_self\"  style=\"height:400px\"><img loading=\"lazy\" decoding=\"async\" width=\"1707\" height=\"2560\" src=\"https:\/\/cassus.se\/wp-content\/uploads\/2022\/02\/wild-cat-2021-08-27-21-14-00-utc-scaled.jpg\" class=\"attachment-post-thumbnail size-post-thumbnail wp-post-image\" alt=\"Planer inf\u00f6r en ny kull\" style=\"height:400px;object-fit:cover;\" srcset=\"https:\/\/cassus.se\/wp-content\/uploads\/2022\/02\/wild-cat-2021-08-27-21-14-00-utc-scaled.jpg 1707w, https:\/\/cassus.se\/wp-content\/uploads\/2022\/02\/wild-cat-2021-08-27-21-14-00-utc-200x300.jpg 200w, https:\/\/cassus.se\/wp-content\/uploads\/2022\/02\/wild-cat-2021-08-27-21-14-00-utc-683x1024.jpg 683w, https:\/\/cassus.se\/wp-content\/uploads\/2022\/02\/wild-cat-2021-08-27-21-14-00-utc-768x1152.jpg 768w, https:\/\/cassus.se\/wp-content\/uploads\/2022\/02\/wild-cat-2021-08-27-21-14-00-utc-1024x1536.jpg 1024w, https:\/\/cassus.se\/wp-content\/uploads\/2022\/02\/wild-cat-2021-08-27-21-14-00-utc-1365x2048.jpg 1365w\" sizes=\"auto, (max-width: 1707px) 100vw, 1707px\" \/><\/a><\/figure>\n\n\n<div style=\"height:30px\" aria-hidden=\"true\" class=\"wp-block-spacer\"><\/div>\n\n\n<div class=\"wp-block-post-excerpt\"><p class=\"wp-block-post-excerpt__excerpt\">Dagarna g\u00e5r f\u00f6rbi i en rasande fart. Det dr\u00f6jer inte mer \u00e4n n\u00e5gra veckor innan en ny kull av kattungar \u00e4r tillg\u00e4ngliga. Vi g\u00f6r v\u00e5rt b\u00e4sta f\u00f6r att l\u00e4gga upp bilder p\u00e5 de nya kattungarna s\u00e5 fort vi f\u00e5r chansen. Med det sagt s\u00e5 \u00e4r ni nu v\u00e4lkomna att maila oss och tinga de kattungar&hellip; <\/p><\/div>\n\n\n<hr class=\"wp-block-separator\"\/>\n\n\n<div class=\"wp-block-post-date\"><time datetime=\"2022-02-07T14:26:00+01:00\">7 februari, 2022<\/time><\/div>\n<\/li><\/ul><\/div>\n\n\n\n<div style=\"height:100px\" aria-hidden=\"true\" class=\"wp-block-spacer\"><\/div>\n","protected":false},"excerpt":{"rendered":"","protected":false},"author":1,"featured_media":0,"parent":0,"menu_order":0,"comment_status":"closed","ping_status":"closed","template":"","meta":{"site-sidebar-layout":"default","site-content-layout":"default","ast-main-header-display":"","ast-hfb-above-header-display":"","ast-hfb-below-header-display":"","ast-hfb-mobile-header-display":"","site-post-title":"","ast-breadcrumbs-content":"","ast-featured-img":"","footer-sml-layout":"","theme-transparent-header-meta":"","adv-header-id-meta":"","stick-header-meta":"","header-above-stick-meta":"","header-main-stick-meta":"","header-below-stick-meta":"","footnotes":""},"class_list":["post-10","page","type-page","status-publish","hentry"],"_links":{"self":[{"href":"https:\/\/cassus.se\/index.php?rest_route=\/wp\/v2\/pages\/10","targetHints":{"allow":["GET"]}}],"collection":[{"href":"https:\/\/cassus.se\/index.php?rest_route=\/wp\/v2\/pages"}],"about":[{"href":"https:\/\/cassus.se\/index.php?rest_route=\/wp\/v2\/types\/page"}],"author":[{"embeddable":true,"href":"https:\/\/cassus.se\/index.php?rest_route=\/wp\/v2\/users\/1"}],"replies":[{"embeddable":true,"href":"https:\/\/cassus.se\/index.php?rest_route=%2Fwp%2Fv2%2Fcomments&post=10"}],"version-history":[{"count":23,"href":"https:\/\/cassus.se\/index.php?rest_route=\/wp\/v2\/pages\/10\/revisions"}],"predecessor-version":[{"id":91,"href":"https:\/\/cassus.se\/index.php?rest_route=\/wp\/v2\/pages\/10\/revisions\/91"}],"wp:attachment":[{"href":"https:\/\/cassus.se\/index.php?rest_route=%2Fwp%2Fv2%2Fmedia&parent=10"}],"curies":[{"name":"wp","href":"https:\/\/api.w.org\/{rel}","templated":true}]}}